{"id":89,"date":"2021-06-22T16:46:50","date_gmt":"2021-06-22T16:46:50","guid":{"rendered":"https:\/\/olw.uber.space\/?post_type=product&#038;p=89"},"modified":"2021-09-01T17:38:35","modified_gmt":"2021-09-01T17:38:35","slug":"selbsthilfe-im-katastrophenfall-test-kopie","status":"publish","type":"product","link":"https:\/\/olw.uber.space\/?product=selbsthilfe-im-katastrophenfall-test-kopie","title":{"rendered":"Selbsthilfe im Katastrophenfall,"},"content":{"rendered":"<p>Die in dieser Publikation vorgestellten Anwendungen sollen niemanden in falscher Sicherheit wiegen, aber sie sollen den Leser in die Lage versetzen, sich mit m\u00f6glichst einfachen Mitteln und Ma\u00dfnahmen auf die Gefahren vorzubereiten, und notfalls die Symptome selbst zu behandeln: Denn es gibt noch mehr M\u00f6glichkeiten, dem Virus entgegenzutreten, als Abstand und Alltagsmaske.<\/p>\n<p>Die meisten der hier vorgestellten Methoden basieren sowohl auf einen umfangreichen historischen Wissensschatz, als auch auf Evidenz und wissenschaftlichen Studien.<\/p>\n<p>Der vorliegende Text informiert \u00fcber vorbeugende und gesundheitsf\u00f6rdernde Ma\u00dfnahmen und Zusammenh\u00e4nge:<\/p>\n<ul>\n<li>Alternativen zu gesundheitssch\u00e4dlichen Desinfektionsmitteln<\/li>\n<li>Virenreduktion in der Luft, im Rachenraum, und der Nase<\/li>\n<li>Behandlung von Symptomen wie: Halsschmerzen, Reizhusten, Fieber, Lungenentz\u00fcndung, Atemnot, Kreislaufschw\u00e4che, Thrombosen, Leber- und Nierenprobleme, sowie \u00fcber Angst, Aggression und Depression<\/li>\n<\/ul>\n<p>Dazu geh\u00f6ren nat\u00fcrlich auch weiterf\u00fchrende Literaturangaben und Informationsquellen im Internet.<\/p>\n","protected":false},"excerpt":{"rendered":"<p>Titel: Selbsthilfe im Katastrophenfall<\/p>\n<p>Autor: Oliver Ewaldt<\/p>\n<p>ISBN:<\/p>\n<p>Format: PDF<\/p>\n<p>Preisgruppe: Harz IV Bildungsbudgetpreis<\/p>\n<p>&nbsp;<\/p>\n","protected":false},"featured_media":150,"comment_status":"open","ping_status":"closed","template":"","meta":[],"product_cat":[29],"product_tag":[],"class_list":{"0":"post-89","1":"product","2":"type-product","3":"status-publish","4":"has-post-thumbnail","6":"product_cat-hartz4","8":"first","9":"instock","10":"sale","11":"downloadable","12":"shipping-taxable","13":"purchasable","14":"product-type-simple"},"_links":{"self":[{"href":"https:\/\/olw.uber.space\/index.php?rest_route=\/wp\/v2\/product\/89","targetHints":{"allow":["GET"]}}],"collection":[{"href":"https:\/\/olw.uber.space\/index.php?rest_route=\/wp\/v2\/product"}],"about":[{"href":"https:\/\/olw.uber.space\/index.php?rest_route=\/wp\/v2\/types\/product"}],"replies":[{"embeddable":true,"href":"https:\/\/olw.uber.space\/index.php?rest_route=%2Fwp%2Fv2%2Fcomments&post=89"}],"wp:featuredmedia":[{"embeddable":true,"href":"https:\/\/olw.uber.space\/index.php?rest_route=\/wp\/v2\/media\/150"}],"wp:attachment":[{"href":"https:\/\/olw.uber.space\/index.php?rest_route=%2Fwp%2Fv2%2Fmedia&parent=89"}],"wp:term":[{"taxonomy":"product_cat","embeddable":true,"href":"https:\/\/olw.uber.space\/index.php?rest_route=%2Fwp%2Fv2%2Fproduct_cat&post=89"},{"taxonomy":"product_tag","embeddable":true,"href":"https:\/\/olw.uber.space\/index.php?rest_route=%2Fwp%2Fv2%2Fproduct_tag&post=89"}],"curies":[{"name":"wp","href":"https:\/\/api.w.org\/{rel}","templated":true}]}}